{"id":17,"date":"2020-06-16T12:55:34","date_gmt":"2020-06-16T10:55:34","guid":{"rendered":"http:\/\/www.test.projartschool.be\/?page_id=17"},"modified":"2022-08-20T10:49:07","modified_gmt":"2022-08-20T08:49:07","slug":"presentation","status":"publish","type":"page","link":"https:\/\/www.projartschool.be\/?page_id=17","title":{"rendered":"A propos"},"content":{"rendered":"\n<p class=\"has-white-background-color has-background\"><strong>la Projart\u2019school<\/strong> se veut plus <strong>une \u00e9cole de com\u00e9die musicale<\/strong> qu\u2019une \u00e9cole de type purement acad\u00e9mique. La raison en est simple, c\u2019est parce qu\u2019elle a \u00e9t\u00e9 cr\u00e9\u00e9e dans le but de soutenir <strong><a href=\"https:\/\/troupe.projartschool.be\" target=\"_blank\" rel=\"noreferrer noopener\">la troupe de com\u00e9die musicale Projartist<\/a><\/strong> et par la m\u00eame proposer des artistes pour la distribution des spectacles. <\/p>\n\n\n\n<p class=\"has-white-background-color has-background\">Plus concr\u00e8tement, un artiste de <strong>la Projart\u2019school <\/strong>qui parvient \u00e0 associer talent , travail , motivation et esprit de troupe r\u00e9unit toutes les chances de pouvoir int\u00e9grer un spectacle de com\u00e9die musicale dans <a href=\"https:\/\/troupe.projartschool.be\" target=\"_blank\" rel=\"noreferrer noopener\"><strong>la troupe Projartist<\/strong>.<\/a><\/p>\n","protected":false},"excerpt":{"rendered":"<p>la Projart\u2019school se veut plus une \u00e9cole de com\u00e9die musicale qu\u2019une \u00e9cole de type purement acad\u00e9mique. La raison en est simple, c\u2019est parce qu\u2019elle a \u00e9t\u00e9 cr\u00e9\u00e9e dans le but de soutenir la troupe de com\u00e9die musicale Projartist et par la m\u00eame proposer des artistes pour la distribution des spectacles. Plus concr\u00e8tement, un artiste de &hellip; <\/p>\n","protected":false},"author":1,"featured_media":59,"parent":0,"menu_order":0,"comment_status":"closed","ping_status":"closed","template":"","meta":{"_monsterinsights_skip_tracking":false,"_monsterinsights_sitenote_active":false,"_monsterinsights_sitenote_note":"","_monsterinsights_sitenote_category":0,"footnotes":""},"class_list":["post-17","page","type-page","status-publish","has-post-thumbnail","hentry"],"_links":{"self":[{"href":"https:\/\/www.projartschool.be\/index.php?rest_route=\/wp\/v2\/pages\/17","targetHints":{"allow":["GET"]}}],"collection":[{"href":"https:\/\/www.projartschool.be\/index.php?rest_route=\/wp\/v2\/pages"}],"about":[{"href":"https:\/\/www.projartschool.be\/index.php?rest_route=\/wp\/v2\/types\/page"}],"author":[{"embeddable":true,"href":"https:\/\/www.projartschool.be\/index.php?rest_route=\/wp\/v2\/users\/1"}],"replies":[{"embeddable":true,"href":"https:\/\/www.projartschool.be\/index.php?rest_route=%2Fwp%2Fv2%2Fcomments&post=17"}],"version-history":[{"count":16,"href":"https:\/\/www.projartschool.be\/index.php?rest_route=\/wp\/v2\/pages\/17\/revisions"}],"predecessor-version":[{"id":575,"href":"https:\/\/www.projartschool.be\/index.php?rest_route=\/wp\/v2\/pages\/17\/revisions\/575"}],"wp:featuredmedia":[{"embeddable":true,"href":"https:\/\/www.projartschool.be\/index.php?rest_route=\/wp\/v2\/media\/59"}],"wp:attachment":[{"href":"https:\/\/www.projartschool.be\/index.php?rest_route=%2Fwp%2Fv2%2Fmedia&parent=17"}],"curies":[{"name":"wp","href":"https:\/\/api.w.org\/{rel}","templated":true}]}}